{"id":3463,"date":"2024-06-17T07:45:16","date_gmt":"2024-06-17T07:45:16","guid":{"rendered":"https:\/\/medical-care-solutions.com\/datenschutzbestimmungen\/"},"modified":"2025-01-21T11:21:25","modified_gmt":"2025-01-21T11:21:25","slug":"datenschutzbestimmungen","status":"publish","type":"page","link":"https:\/\/medical-care-solutions.com\/de\/datenschutzbestimmungen\/","title":{"rendered":"Datenschutzbestimmungen"},"content":{"rendered":"\t\t<div data-elementor-type=\"wp-page\" data-elementor-id=\"3463\" class=\"elementor elementor-3463 elementor-2857\" data-elementor-post-type=\"page\">\n\t\t\t\t<div class=\"elementor-element elementor-element-1e58e38 e-flex e-con-boxed e-con e-parent\" data-id=\"1e58e38\" data-element_type=\"container\" data-settings=\"{&quot;container_type&quot;:&quot;flex&quot;,&quot;content_width&quot;:&quot;boxed&quot;,&quot;enable_glow_container&quot;:&quot;no&quot;}\" data-core-v316-plus=\"true\">\n\t\t\t\t\t<div class=\"e-con-inner\">\n\t\t\t\t<div class=\"elementor-element elementor-element-41057ea elementor-widget elementor-widget-text-editor\" data-id=\"41057ea\" data-element_type=\"widget\" data-widget_type=\"text-editor.default\">\n\t\t\t\t<div class=\"elementor-widget-container\">\n\t\t\t<style>\/*! elementor - v3.19.0 - 28-02-2024 *\/\n.elementor-widget-text-editor.elementor-drop-cap-view-stacked .elementor-drop-cap{background-color:#69727d;color:#fff}.elementor-widget-text-editor.elementor-drop-cap-view-framed .elementor-drop-cap{color:#69727d;border:3px solid;background-color:transparent}.elementor-widget-text-editor:not(.elementor-drop-cap-view-default) .elementor-drop-cap{margin-top:8px}.elementor-widget-text-editor:not(.elementor-drop-cap-view-default) .elementor-drop-cap-letter{width:1em;height:1em}.elementor-widget-text-editor .elementor-drop-cap{float:left;text-align:center;line-height:1;font-size:50px}.elementor-widget-text-editor .elementor-drop-cap-letter{display:inline-block}<\/style>\t\t\t\t<h2>Inhalt der Gesch\u00e4ftsordnung<\/h2>\n<p>Definitionen<\/p>\n<ol>\n<li><strong>Administrator (Wir)<\/strong> &#8211; medical-care-solutions.com<\/li>\n<li><strong>Personenbezogene Daten<\/strong> &#8211; alle Informationen \u00fcber eine nat\u00fcrliche Person, die durch einen oder mehrere Faktoren identifiziert oder identifizierbar sind, die f\u00fcr die physische, physiologische, genetische, mentale, wirtschaftliche, kulturelle oder soziale Identit\u00e4t spezifisch sind, einschlie\u00dflich Ger\u00e4te-IP, Standortdaten, Internet-Kennungen und Informationen, die durch Cookies und andere \u00e4hnliche Technologien gesammelt werden.<\/li>\n<li><strong>Richtlinie<\/strong> &#8211; diese Datenschutzrichtlinie.<\/li>\n<li><strong>RODO<\/strong> &#8211; Verordnung (EU) 2016\/679 des Europ\u00e4ischen Parlaments und des Rates vom 27. April 2016 zum Schutz nat\u00fcrlicher Personen bei der Verarbeitung personenbezogener Daten, zum freien Datenverkehr und zur Aufhebung der Richtlinie 95\/46\/EG. <\/li>\n<li><strong>Service<\/strong> &#8211; die von uns betriebene Website unter medical-care-solutions.com<\/li>\n<li><strong>Nutzer (Sie)<\/strong> &#8211; jede nat\u00fcrliche Person, die die Website besucht oder einen oder mehrere der in der Richtlinie beschriebenen Dienste oder Funktionen nutzt<\/li>\n<\/ol>\n<p>Verarbeitung von Daten im Zusammenhang mit der Nutzung des Dienstes<\/p>\n<ul>\n<li>Im Zusammenhang mit Ihrer Nutzung der Website erheben wir Ihre Daten in dem Umfang, der erforderlich ist, um die einzelnen angebotenen Dienstleistungen zu erbringen, sowie Informationen \u00fcber Ihre Aktivit\u00e4ten auf der Website. Die detaillierten Grunds\u00e4tze und Zwecke der Verarbeitung personenbezogener Daten, die w\u00e4hrend Ihrer Nutzung der Website erhoben werden, sind im Folgenden beschrieben. <\/li>\n<\/ul>\n<p>Zwecke und Rechtsgrundlage der Datenverarbeitung auf der Website<\/p>\n<p>Nutzung des Dienstes<\/p>\n<ol>\n<li>Wir verarbeiten personenbezogene Daten aller Personen, die die Website nutzen (einschlie\u00dflich: ) , IP-Adresse oder andere Identifikatoren und Informationen, die durch Cookies oder andere \u00e4hnliche Technologien gesammelt werden) und die keine registrierten Benutzer sind (d.h. Personen, die kein Profil auf der Website haben), f\u00fcr die folgenden Zwecke:\n<ol>\n<li>um Dienstleistungen auf elektronischem Wege zu erbringen, indem den Nutzern Zugang zu den auf der Website gesammelten Inhalten gew\u00e4hrt wird &#8211; in diesem Fall ist die Rechtsgrundlage f\u00fcr die Verarbeitung die Notwendigkeit der Verarbeitung f\u00fcr die Erf\u00fcllung des Vertrags (Artikel 6 Absatz 1 Buchstabe b) RODO);<\/li>\n<li>zu analytischen und statistischen Zwecken. In diesem Fall ist die Rechtsgrundlage f\u00fcr die Verarbeitung unser berechtigtes Interesse (Artikel 6 Absatz 1 Buchstabe f) DSGVO), das darin besteht, die Aktivit\u00e4ten der Nutzer sowie ihre Pr\u00e4ferenzen zu analysieren, um die genutzten Funktionen und angebotenen Dienste zu verbessern;<\/li>\n<li>zum Zweck der eventuellen Feststellung, Verfolgung oder Abwehr von Anspr\u00fcchen &#8211; die Rechtsgrundlage f\u00fcr die Verarbeitung ist unser berechtigtes Interesse (Artikel 6 Absatz 1 Buchstabe f) RODO) am Schutz unserer Rechte;<\/li>\n<li>f\u00fcr Marketingzwecke (unsere und die unserer Partner), insbesondere im Zusammenhang mit der Pr\u00e4sentation von verhaltensorientierter Werbung &#8211; die Grunds\u00e4tze der Verarbeitung personenbezogener Daten f\u00fcr Marketingzwecke sind im Abschnitt &#8222;MARKETING&#8220; beschrieben.<\/li>\n<\/ol>\n<\/li>\n<li>Ihre Aktivit\u00e4ten auf der Website, einschlie\u00dflich Ihrer pers\u00f6nlichen Daten, werden in Systemprotokollen aufgezeichnet. Die in den Protokollen gesammelten Informationen werden in erster Linie f\u00fcr Zwecke im Zusammenhang mit der Erbringung der Dienste verarbeitet. Wir verarbeiten sie auch zu technischen, administrativen Zwecken, zur Gew\u00e4hrleistung der Sicherheit des IT-Systems und der Verwaltung dieses Systems sowie zu analytischen und statistischen Zwecken &#8211; in dieser Hinsicht ist die Rechtsgrundlage f\u00fcr die Verarbeitung unser berechtigtes Interesse (Artikel 6(1)(f) RODO).  <\/li>\n<\/ol>\n<p>Nutzung von kostenpflichtigen Diensten auf der Website<\/p>\n<ol>\n<li>Wenn Sie eine Bestellung (zum Kauf von Waren oder Dienstleistungen) auf der Website aufgeben, verarbeiten wir Ihre personenbezogenen Daten f\u00fcr die folgenden Zwecke:\n<ol>\n<li>zum Zweck der Erf\u00fcllung eines erteilten Auftrags &#8211; die Rechtsgrundlage f\u00fcr die Verarbeitung ist die Notwendigkeit der Verarbeitung f\u00fcr die Erf\u00fcllung des Vertrags (Artikel 6 Absatz 1 Buchstabe b) RODO); bei Daten, die auf freiwilliger Basis bereitgestellt werden, ist die Rechtsgrundlage f\u00fcr die Verarbeitung die Einwilligung (Artikel 6 Absatz 1 Buchstabe a) RODO);<\/li>\n<li>zur Erf\u00fcllung gesetzlicher Verpflichtungen, die uns obliegen und die sich insbesondere aus dem Steuer- und Rechnungslegungsrecht ergeben &#8211; die Rechtsgrundlage f\u00fcr die Verarbeitung ist eine gesetzliche Verpflichtung (Artikel 6 Absatz 1 Buchstabe c) RODO);<\/li>\n<li>zu analytischen und statistischen Zwecken &#8211; die Rechtsgrundlage f\u00fcr die Verarbeitung ist unser berechtigtes Interesse (Artikel 6(1)(f) RODO), Ihre Aktivit\u00e4ten auf der Website sowie Ihre Einkaufspr\u00e4ferenzen zu analysieren, um die genutzten Funktionalit\u00e4ten zu verbessern;<\/li>\n<li>zum Zweck der eventuellen Feststellung, Verfolgung oder Abwehr von Anspr\u00fcchen &#8211; die Rechtsgrundlage f\u00fcr die Verarbeitung ist unser berechtigtes Interesse (Artikel 6 Absatz 1 Buchstabe f) RODO) am Schutz unserer Rechte.<\/li>\n<\/ol>\n<\/li>\n<\/ol>\n<p>Kontaktformulare<\/p>\n<ol>\n<li>Auf der Website bieten wir Ihnen die M\u00f6glichkeit, \u00fcber elektronische Kontaktformulare mit uns in Verbindung zu treten. Bei der Verwendung des Formulars m\u00fcssen Sie Ihre pers\u00f6nlichen Daten angeben, damit wir Sie kontaktieren und Ihre Frage beantworten k\u00f6nnen. Sie k\u00f6nnen in dem Formular auch andere Daten angeben, um uns die Kontaktaufnahme zu erleichtern oder Ihre Anfrage zu bearbeiten. Die Angabe von Daten, die als obligatorisch gekennzeichnet sind, ist erforderlich, um Ihre Anfrage zu erhalten und zu bearbeiten, und wenn Sie dies nicht tun, k\u00f6nnen wir Ihre Anfrage nicht bearbeiten. Die Angabe der anderen Daten ist freiwillig.    <\/li>\n<li>Die pers\u00f6nlichen Daten, die Sie uns \u00fcber das Kontaktformular senden, werden verarbeitet:\n<ol>\n<li>um Sie als Absender zu identifizieren und Ihre \u00fcber das bereitgestellte Formular \u00fcbermittelte Anfrage zu bearbeiten &#8211; die Rechtsgrundlage f\u00fcr die Verarbeitung ist, dass die Verarbeitung f\u00fcr die Erf\u00fcllung des Dienstleistungsvertrags erforderlich ist (Artikel 6 Absatz 1 Buchstabe b) RODO);<\/li>\n<li>zu analytischen und statistischen Zwecken &#8211; die Rechtsgrundlage f\u00fcr die Verarbeitung ist unser berechtigtes Interesse (Artikel 6(1)(f) RODO), das darin besteht, Statistiken \u00fcber die von den Nutzern \u00fcber die Website eingereichten Anfragen zu f\u00fchren, um deren Funktionalit\u00e4t zu verbessern.<\/li>\n<\/ol>\n<\/li>\n<\/ol>\n<p>Marketing<\/p>\n<ol>\n<li>Wir verarbeiten Ihre personenbezogenen Daten, um Marketingaktivit\u00e4ten durchzuf\u00fchren, die darin bestehen k\u00f6nnen:\n<ol>\n<li>die Anzeige von Marketinginhalten, die nicht auf Ihre Pr\u00e4ferenzen zugeschnitten sind (kontextbezogene Werbung);<\/li>\n<li>die Anzeige von Marketinginhalten, die Ihren Interessen entsprechen (verhaltensbasierte Werbung);<\/li>\n<li>E-Mail-Benachrichtigungen \u00fcber interessante Angebote oder Inhalte, die in einigen F\u00e4llen kommerzielle Informationen enthalten (Newsletter-Service)<\/li>\n<li>die Durchf\u00fchrung anderer Aktivit\u00e4ten im Zusammenhang mit der Direktvermarktung von Waren und Dienstleistungen (Versendung von kommerziellen Informationen auf elektronischem Wege und Telemarketingaktivit\u00e4ten)<\/li>\n<\/ol>\n<\/li>\n<li>Um Marketingaktivit\u00e4ten durchzuf\u00fchren, verwenden wir in einigen F\u00e4llen Profiling (wenn Sie Ihre Zustimmung gegeben haben). Das bedeutet, dass wir durch automatisierte Datenverarbeitung ausgew\u00e4hlte Faktoren \u00fcber Personen bewerten, um ihr Verhalten zu analysieren oder Vorhersagen f\u00fcr die Zukunft zu treffen. <\/li>\n<\/ol>\n<p>Direktmarketing<\/p>\n<ol>\n<li>Ihre pers\u00f6nlichen Daten k\u00f6nnen von uns auch verwendet werden, um Ihnen \u00fcber verschiedene Kan\u00e4le, d.h. per E-Mail, per MMS \/ SMS oder per Telefon, Marketinginhalte zukommen zu lassen. Wir f\u00fchren solche Aktivit\u00e4ten nur durch, wenn Sie uns Ihre Zustimmung gegeben haben, die Sie jederzeit widerrufen k\u00f6nnen.  <\/li>\n<\/ol>\n<p>Soziale Netzwerke<\/p>\n<ol>\n<li>Wir verarbeiten Ihre personenbezogenen Daten, wenn Sie unsere auf sozialen Medien (Facebook, YouTube, Instagram, Twitter) gepflegten Profile besuchen. Diese Daten werden ausschlie\u00dflich im Zusammenhang mit dem Betrieb des Profils verarbeitet, u.a. um Sie \u00fcber unsere Aktivit\u00e4ten auf dem Laufenden zu halten und um verschiedene Veranstaltungen, Dienstleistungen und Produkte zu bewerben. Die Rechtsgrundlage f\u00fcr die Verarbeitung Ihrer personenbezogenen Daten zu diesem Zweck ist unser berechtigtes Interesse (Artikel 6(1)(f) RODO) an der F\u00f6rderung unserer eigenen Marke.  <\/li>\n<\/ol>\n<p>Cookies und \u00e4hnliche Technologien<\/p>\n<ol>\n<li>Cookies sind kleine Textdateien, die auf Ihrem Ger\u00e4t installiert werden, wenn Sie die Website besuchen. Cookies sammeln Informationen, um Ihnen die Nutzung der Website zu erleichtern &#8211; zum Beispiel, indem sie sich an Ihre Besuche auf der Website und Ihre Aktionen erinnern. Wir k\u00f6nnen die folgenden Arten von Cookies auf der Website verwenden:  <\/li>\n<\/ol>\n<p>Service&#8216;-Cookies<\/p>\n<ol>\n<li>Wir verwenden so genannte &#8222;Service-Cookies&#8220; in erster Linie, um Ihnen elektronisch erbrachte Dienste zur Verf\u00fcgung zu stellen und um die Qualit\u00e4t dieser Dienste zu verbessern. Dementsprechend verwenden wir und andere Unternehmen, die f\u00fcr uns analytische und statistische Dienste erbringen, Cookies, um Informationen zu speichern oder auf Informationen zuzugreifen, die bereits auf Ihrem Telekommunikationsendger\u00e4t (Computer, Telefon, Tablet usw.) gespeichert sind. Zu diesem Zweck werden unter anderem folgende Cookies verwendet:\n<ol>\n<li>Cookies mit den von Ihnen eingegebenen Daten (Sitzungs-ID) f\u00fcr die Dauer der Sitzung (Benutzereingabe-Cookies);<\/li>\n<li>Authentifizierungs-Cookies, die f\u00fcr Dienste verwendet werden, die eine Authentifizierung f\u00fcr die Dauer der Sitzung erfordern (Authentifizierungs-Cookies);<\/li>\n<li>Sicherheits-Cookies, z.B. solche, die zur Erkennung von Missbrauch der Authentifizierung verwendet werden (benutzerzentrierte Sicherheits-Cookies);<\/li>\n<li>Multimedia-Player-Sitzungscookies (z.B. Flash-Player-Cookies), f\u00fcr die Dauer der Sitzung;<\/li>\n<li>dauerhafte Cookies zur Personalisierung der Benutzeroberfl\u00e4che f\u00fcr die Dauer der Sitzung oder etwas l\u00e4nger (Cookies zur Anpassung der Benutzeroberfl\u00e4che),<\/li>\n<li>Cookies zur \u00dcberwachung des Website-Verkehrs, d.h. Datenanalyse, einschlie\u00dflich Google Analytics-Cookies (dies sind Cookies, die von Google verwendet werden, um zu analysieren, wie Sie die Website nutzen, um Statistiken und Berichte \u00fcber die Funktionsweise der Website zu erstellen). Google verwendet die gesammelten Daten nicht, um Sie zu identifizieren, noch kombiniert es diese Informationen, um eine Identifizierung zu erm\u00f6glichen. Ausf\u00fchrliche Informationen \u00fcber den Umfang und die Grunds\u00e4tze der Datenerhebung im Zusammenhang mit diesem Dienst finden Sie unter folgendem Link: <a href=\"https:\/\/www.google.com\/intl\/pl\/policies\/privacy\/partners\">https:\/\/www.google.com\/intl\/pl\/policies\/privacy\/partners.<\/a>   <\/li>\n<\/ol>\n<\/li>\n<\/ol>\n<p>Marketing&#8216;-Cookies<\/p>\n<ol>\n<li>Wir und unsere vertrauensw\u00fcrdigen Partner verwenden Cookies auch f\u00fcr Marketingzwecke, u. a. in Verbindung mit verhaltensbezogener Werbung f\u00fcr Sie. Zu diesem Zweck speichern wir und unsere vertrauensw\u00fcrdigen Partner Informationen oder greifen auf Informationen zu, die bereits auf Ihrem Telekommunikationsendger\u00e4t (Computer, Telefon, Tablet, etc.) gespeichert sind. Die Verwendung von Cookies und der damit erhobenen personenbezogenen Daten zu Marketingzwecken, insbesondere zur Bewerbung von Dienstleistungen und Waren Dritter, erfordert Ihre Zustimmung, die Sie jederzeit widerrufen k\u00f6nnen.   <\/li>\n<\/ol>\n<p>Verwaltung von Cookies<\/p>\n<ol>\n<li>Wenn Sie keine Cookies erhalten m\u00f6chten, k\u00f6nnen Sie Ihre Browsereinstellungen \u00e4ndern. Bitte beachten Sie, dass die Deaktivierung von Cookies, die f\u00fcr Authentifizierungsprozesse, die Sicherheit und die Pflege von Benutzereinstellungen unerl\u00e4sslich sind, die Nutzung der Website erschweren kann. <\/li>\n<li>Um Ihre Cookie-Einstellungen zu verwalten, w\u00e4hlen Sie den von Ihnen verwendeten Webbrowser aus der untenstehenden Liste aus und folgen Sie den Anweisungen:\n<ol>\n<li>Rand<\/li>\n<li>Internet Explorer<\/li>\n<li>Chrom<\/li>\n<li>Safari<\/li>\n<li>Firefox<\/li>\n<li>Oper<\/li>\n<li>Mobile Ger\u00e4te:<\/li>\n<li>Android<\/li>\n<li>Safari (iOS)<\/li>\n<li>Windows Phone<\/li>\n<\/ol>\n<\/li>\n<\/ol>\n<p>Wesentliche Marketingtechniken<\/p>\n<ol>\n<li>Zweck und Umfang der Datenerhebung und deren weitere Verarbeitung und Nutzung durch die Dienstanbieter sowie die M\u00f6glichkeit der Kontaktaufnahme mit dem Nutzer und die diesbez\u00fcglichen Rechte des Nutzers sind in den Datenschutzbestimmungen der Dienstanbieter beschrieben.<\/li>\n<li>Wir k\u00f6nnen Remarketing-Techniken verwenden, die es uns erm\u00f6glichen, Werbebotschaften auf Ihr Verhalten im Service abzustimmen, was den Anschein erwecken kann, dass Ihre pers\u00f6nlichen Daten f\u00fcr das Tracking verwendet werden, aber in der Praxis geben wir keine Ihrer pers\u00f6nlichen Daten an Werbebetreiber weiter. Eine technische Voraussetzung f\u00fcr solche Aktivit\u00e4ten ist, dass Cookies aktiviert sind. <\/li>\n<li>Wir k\u00f6nnen eine L\u00f6sung verwenden, um das Nutzerverhalten durch Heatmapping und Aufzeichnung des Verhaltens im Service zu untersuchen. Diese Informationen werden anonymisiert, bevor sie an den Betreiber des Dienstes gesendet werden, so dass der Betreiber nicht wei\u00df, auf welche Person sie sich beziehen. Insbesondere werden die eingegebenen Passw\u00f6rter und andere pers\u00f6nliche Daten nicht aufgezeichnet.  <\/li>\n<\/ol>\n<p>Zeitraum der Verarbeitung personenbezogener Daten<\/p>\n<ol>\n<li>Der Zeitraum, in dem wir Ihre Daten verarbeiten, h\u00e4ngt von der Art der erbrachten Dienstleistung und dem Zweck der Verarbeitung ab. In der Regel werden Ihre Daten f\u00fcr die Dauer der erbrachten Dienstleistung oder der Bearbeitung Ihres Auftrags verarbeitet, bis Sie Ihre Einwilligung widerrufen oder einen wirksamen Widerspruch gegen die Verarbeitung einlegen (wenn die Rechtsgrundlage f\u00fcr die Verarbeitung unser berechtigtes Interesse ist). <\/li>\n<li>Der Verarbeitungszeitraum kann verl\u00e4ngert werden, wenn die Verarbeitung f\u00fcr die Feststellung, Untersuchung oder Abwehr m\u00f6glicher Anspr\u00fcche erforderlich ist, und danach nur, wenn und soweit dies gesetzlich vorgeschrieben ist.<\/li>\n<li>Am Ende des Verarbeitungszeitraums werden Ihre Daten unwiderruflich gel\u00f6scht oder anonymisiert.<\/li>\n<\/ol>\n<p>Ihre Anspr\u00fcche<\/p>\n<ol>\n<li>Da wir Ihre pers\u00f6nlichen Daten verarbeiten, haben Sie die folgenden Rechte:\n<ol>\n<li><strong>Das Recht auf Auskunft \u00fcber die Verarbeitung personenbezogener Daten<\/strong> &#8211; auf dieser Grundlage erteilen wir Ihnen auf Anfrage Auskunft \u00fcber die Verarbeitung Ihrer Daten, insbesondere \u00fcber die Zwecke und die Rechtsgrundlage der Verarbeitung, den Umfang der gespeicherten Daten, die Stellen, an die sie weitergegeben werden, und den geplanten Zeitpunkt der L\u00f6schung;<\/li>\n<li><strong>Das Recht, eine Kopie<\/strong> der Daten <strong>zu erhalten<\/strong> &#8211; auf dieser Grundlage stellen wir Ihnen auf Ihre Anfrage hin eine Kopie der verarbeiteten Daten zur Verf\u00fcgung, die sich auf die Person beziehen, die die Anfrage stellt;<\/li>\n<li><strong>Recht auf Berichtigung<\/strong> &#8211; auf Ihren Wunsch hin sind wir verpflichtet, alle Unstimmigkeiten oder Fehler in den von uns verarbeiteten personenbezogenen Daten <strong>zu berichtigen<\/strong> und sie zu vervollst\u00e4ndigen, wenn sie unvollst\u00e4ndig sind;<\/li>\n<li><strong>Das Recht auf L\u00f6schung<\/strong> &#8211; auf dieser Grundlage k\u00f6nnen Sie die L\u00f6schung von Daten verlangen, deren Verarbeitung f\u00fcr einen der Zwecke, f\u00fcr die sie erhoben wurden, nicht mehr erforderlich ist;<\/li>\n<li><strong>Das Recht, die Verarbeitung einzuschr\u00e4nken<\/strong> &#8211; auf dieser Grundlage werden wir auf Ihren Wunsch hin die Verarbeitung Ihrer personenbezogenen Daten &#8211; mit Ausnahme von Vorg\u00e4ngen, zu denen Sie Ihre Zustimmung gegeben haben &#8211; und deren Speicherung gem\u00e4\u00df den beschlossenen Aufbewahrungsvorschriften einstellen oder bis die Gr\u00fcnde f\u00fcr die Einschr\u00e4nkung der Verarbeitung nicht mehr bestehen;<\/li>\n<li><strong>Das Recht auf Daten\u00fcbertragbarkeit<\/strong> &#8211; auf dieser Grundlage werden wir &#8211; sofern Ihre Daten im Zusammenhang mit einem Vertrag oder einer erteilten Einwilligung verarbeitet werden &#8211; die Daten, die Sie uns zur Verf\u00fcgung gestellt haben, in einem computerlesbaren Format herausgeben. Sie k\u00f6nnen auch verlangen, dass wir diese Daten an eine andere Stelle \u00fcbermitteln &#8211; vorausgesetzt allerdings, dass wir technisch dazu in der Lage sind. <\/li>\n<li><strong>Das Recht, der Verarbeitung zu Marketingzwecken zu widersprechen<\/strong> &#8211; Sie k\u00f6nnen der Verarbeitung Ihrer personenbezogenen Daten zu Marketingzwecken jederzeit widersprechen, ohne einen solchen Widerspruch begr\u00fcnden zu m\u00fcssen;<\/li>\n<li><strong>Recht auf Widerspruch gegen andere Verarbeitungszwecke<\/strong> &#8211; Sie k\u00f6nnen der Verarbeitung personenbezogener Daten, die auf der Grundlage unseres berechtigten Interesses erfolgt (z.B. zu analytischen oder statistischen Zwecken oder aus Gr\u00fcnden des Eigentumsschutzes), jederzeit widersprechen; ein diesbez\u00fcglicher Widerspruch sollte eine Begr\u00fcndung enthalten;<\/li>\n<li><strong>Das Recht auf Widerruf der Einwilligung<\/strong> &#8211; wenn Ihre Daten auf der Grundlage Ihrer Einwilligung verarbeitet werden, haben Sie das Recht, diese jederzeit zu widerrufen. Dies ber\u00fchrt jedoch nicht die Rechtm\u00e4\u00dfigkeit der Verarbeitung, die vor dem Widerruf Ihrer Einwilligung erfolgte.<\/li>\n<li><strong>Das Recht auf Beschwerde<\/strong> &#8211; wenn Sie der Meinung sind, dass die Art und Weise, wie wir Ihre personenbezogenen Daten verarbeiten, gegen die Bestimmungen der RODO oder andere Datenschutzgesetze verst\u00f6\u00dft, k\u00f6nnen Sie eine Beschwerde beim Pr\u00e4sidenten der Datenschutzbeh\u00f6rde einreichen.<\/li>\n<\/ol>\n<\/li>\n<\/ol>\n<p>Empf\u00e4nger der Daten<\/p>\n<ol>\n<li>Da wir Ihnen den bestm\u00f6glichen Service bieten m\u00f6chten, werden wir Ihre pers\u00f6nlichen Daten an unsere vertrauensw\u00fcrdigen Partner weitergeben. Dazu geh\u00f6ren insbesondere Lieferanten, die f\u00fcr den Betrieb von IT-Systemen verantwortlich sind, Einrichtungen wie Banken und Zahlungsdienstleister, Buchhaltungsdienstleister, Kuriere (im Zusammenhang mit der Bearbeitung Ihrer Bestellung), Marketingagenturen (f\u00fcr Marketingdienstleistungen) und unsere verbundenen Unternehmen.<\/li>\n<li>Ihre pers\u00f6nlichen Daten werden nur dann an andere Parteien f\u00fcr deren eigene Zwecke, einschlie\u00dflich Marketingzwecke, weitergegeben, wenn Sie Ihre Zustimmung gegeben haben.<\/li>\n<\/ol>\n<p>\u00dcbertragungen von Daten au\u00dferhalb des EWR<\/p>\n<ol>\n<li>Das Schutzniveau f\u00fcr personenbezogene Daten au\u00dferhalb des Europ\u00e4ischen Wirtschaftsraums (EWR) kann sich von dem durch europ\u00e4isches Recht vorgesehenen Niveau unterscheiden. Aus diesem Grund werden wir Ihre personenbezogenen Daten nur dann au\u00dferhalb des EWR \u00fcbertragen, wenn dies notwendig ist und ein angemessenes Schutzniveau gew\u00e4hrleistet ist. Sie werden jedes Mal benachrichtigt.  <\/li>\n<\/ol>\n<p>Sicherheit der pers\u00f6nlichen Daten<\/p>\n<ol>\n<li>Sie wissen, dass wir alle Ma\u00dfnahmen ergreifen, um sicherzustellen, dass Ihre pers\u00f6nlichen Daten von uns auf sichere Weise verarbeitet werden. Wir stellen vor allem sicher, dass nur befugte Personen Zugang zu Ihren Daten haben, und auch nur in dem Ma\u00dfe, wie dies f\u00fcr ihre Aufgaben erforderlich ist.<\/li>\n<li>Wir ergreifen alle erforderlichen Ma\u00dfnahmen, um sicherzustellen, dass unsere Unterauftragnehmer und andere kooperierende Unternehmen die Anwendung angemessener Sicherheitsma\u00dfnahmen gew\u00e4hrleisten, wenn sie Ihre personenbezogenen Daten in unserem Auftrag verarbeiten.<\/li>\n<\/ol>\n<p>Kontaktangaben<\/p>\n<ol>\n<li>F\u00fcr alle in dieser Richtlinie erw\u00e4hnten Angelegenheiten, insbesondere in Bezug auf die Verarbeitung Ihrer pers\u00f6nlichen Daten, k\u00f6nnen Sie uns \u00fcber folgende Adresse kontaktieren:\n<ol>\n<li>E-Mail info@medical-care-solutions.com<\/li>\n<\/ol>\n<\/li>\n<\/ol>\n\t\t\t\t\t\t<\/div>\n\t\t\t\t<\/div>\n\t\t\t\t\t<\/div>\n\t\t\t\t<\/div>\n\t\t\t\t<\/div>\n\t\t","protected":false},"excerpt":{"rendered":"<p>Inhalt der Gesch\u00e4ftsordnung Definitionen Administrator (Wir) &#8211; medical-care-solutions.com Personenbezogene Daten &#8211; alle Informationen \u00fcber eine nat\u00fcrliche Person, die durch einen oder mehrere Faktoren identifiziert oder identifizierbar sind, die f\u00fcr die physische, physiologische, genetische, mentale, wirtschaftliche, kulturelle oder soziale Identit\u00e4t spezifisch sind, einschlie\u00dflich Ger\u00e4te-IP, Standortdaten, Internet-Kennungen und Informationen, die durch Cookies und andere \u00e4hnliche Technologien gesammelt [&hellip;]<\/p>\n","protected":false},"author":2,"featured_media":0,"parent":0,"menu_order":0,"comment_status":"closed","ping_status":"closed","template":"","meta":{"footnotes":""},"class_list":["post-3463","page","type-page","status-publish","hentry"],"_links":{"self":[{"href":"https:\/\/medical-care-solutions.com\/de\/wp-json\/wp\/v2\/pages\/3463","targetHints":{"allow":["GET"]}}],"collection":[{"href":"https:\/\/medical-care-solutions.com\/de\/wp-json\/wp\/v2\/pages"}],"about":[{"href":"https:\/\/medical-care-solutions.com\/de\/wp-json\/wp\/v2\/types\/page"}],"author":[{"embeddable":true,"href":"https:\/\/medical-care-solutions.com\/de\/wp-json\/wp\/v2\/users\/2"}],"replies":[{"embeddable":true,"href":"https:\/\/medical-care-solutions.com\/de\/wp-json\/wp\/v2\/comments?post=3463"}],"version-history":[{"count":1,"href":"https:\/\/medical-care-solutions.com\/de\/wp-json\/wp\/v2\/pages\/3463\/revisions"}],"predecessor-version":[{"id":3464,"href":"https:\/\/medical-care-solutions.com\/de\/wp-json\/wp\/v2\/pages\/3463\/revisions\/3464"}],"wp:attachment":[{"href":"https:\/\/medical-care-solutions.com\/de\/wp-json\/wp\/v2\/media?parent=3463"}],"curies":[{"name":"wp","href":"https:\/\/api.w.org\/{rel}","templated":true}]}}